{"id":1080,"date":"2016-10-15T00:05:28","date_gmt":"2016-10-14T22:05:28","guid":{"rendered":"http:\/\/projekty.mdasystems.pl\/skowronki\/en\/friends\/statuetka-przyjaciel-choru\/"},"modified":"2016-10-21T13:10:35","modified_gmt":"2016-10-21T11:10:35","slug":"statuetka-przyjaciel-choru","status":"publish","type":"page","link":"https:\/\/chor-skowronki.pl\/en\/friends\/statuetka-przyjaciel-choru\/","title":{"rendered":"EMINENT FRIENDS"},"content":{"rendered":"<h1><strong>\u00a0<\/strong><\/h1>\n<p><img loading=\"lazy\" decoding=\"async\" class=\"alignnone size-large wp-image-529\" src=\"http:\/\/projekty.mdasystems.pl\/skowronki\/wp-content\/uploads\/2016\/05\/ptaszek-e1476195990136-1024x560.jpg\" alt=\"ptaszek\" width=\"1024\" height=\"560\" srcset=\"https:\/\/chor-skowronki.pl\/wp-content\/uploads\/2016\/05\/ptaszek-e1476195990136-1024x560.jpg 1024w, https:\/\/chor-skowronki.pl\/wp-content\/uploads\/2016\/05\/ptaszek-e1476195990136-300x164.jpg 300w, https:\/\/chor-skowronki.pl\/wp-content\/uploads\/2016\/05\/ptaszek-e1476195990136-1542x843.jpg 1542w, https:\/\/chor-skowronki.pl\/wp-content\/uploads\/2016\/05\/ptaszek-e1476195990136-1536x840.jpg 1536w, https:\/\/chor-skowronki.pl\/wp-content\/uploads\/2016\/05\/ptaszek-e1476195990136.jpg 1966w\" sizes=\"auto, (max-width: 1024px) 100vw, 1024px\" \/><\/p>\n<h1><strong>Statuetka &#8220;Przyjaciel Ch\u00f3ru&#8221; <\/strong>przyznawana jest osobom, firmom, kt\u00f3re wspieraj\u0105c dzia\u0142alno\u015b\u0107 ch\u00f3ru, przyczyni\u0142y si\u0119 do jego rozwoju.<br \/>\nDotychczas statuetka &#8220;Przyjaciela Ch\u00f3ru&#8221; zosta\u0142a przyznana nast\u0119puj\u0105cym podmiotom:<\/h1>\n<h1>Magda Leybaert-Maertens<\/h1>\n<h1><img loading=\"lazy\" decoding=\"async\" class=\"alignnone size-large wp-image-946\" src=\"http:\/\/projekty.mdasystems.pl\/skowronki\/wp-content\/uploads\/2016\/10\/IMG_0254-1024x768.jpg\" alt=\"img_0254\" width=\"1024\" height=\"768\" srcset=\"https:\/\/chor-skowronki.pl\/wp-content\/uploads\/2016\/10\/IMG_0254-1024x768.jpg 1024w, https:\/\/chor-skowronki.pl\/wp-content\/uploads\/2016\/10\/IMG_0254-300x225.jpg 300w, https:\/\/chor-skowronki.pl\/wp-content\/uploads\/2016\/10\/IMG_0254-1124x843.jpg 1124w\" sizes=\"auto, (max-width: 1024px) 100vw, 1024px\" \/><\/h1>\n<h1><\/h1>\n<h1><a href=\"http:\/\/rotaryclubpoznan-puszczykowo.org.pl\">Rotary Club &#8211; Pozna\u0144, Puszczykowo<\/a><\/h1>\n<h1><a href=\"http:\/\/rotaryclubpoznan-puszczykowo.org.pl\"><img loading=\"lazy\" decoding=\"async\" class=\"alignnone size-full wp-image-938\" src=\"http:\/\/projekty.mdasystems.pl\/skowronki\/wp-content\/uploads\/2016\/10\/Koncert_6kwietnia2013.11m-e1476893304183.jpg\" alt=\"koncert_6kwietnia2013-11m\" width=\"427\" height=\"640\" srcset=\"https:\/\/chor-skowronki.pl\/wp-content\/uploads\/2016\/10\/Koncert_6kwietnia2013.11m-e1476893304183.jpg 427w, https:\/\/chor-skowronki.pl\/wp-content\/uploads\/2016\/10\/Koncert_6kwietnia2013.11m-e1476893304183-200x300.jpg 200w, https:\/\/chor-skowronki.pl\/wp-content\/uploads\/2016\/10\/Koncert_6kwietnia2013.11m-e1476893304183-300x450.jpg 300w\" sizes=\"auto, (max-width: 427px) 100vw, 427px\" \/><br \/>\n<\/a><br \/>\n<a href=\"http:\/\/www.ckzamek.pl\">Centrum Kultury ZAMEK w Poznaniu<\/a><\/h1>\n<h1><img loading=\"lazy\" decoding=\"async\" class=\"alignnone size-large wp-image-940\" src=\"http:\/\/projekty.mdasystems.pl\/skowronki\/wp-content\/uploads\/2016\/10\/12.09-zamek-075-622x1024.jpg\" alt=\"12-09-zamek-075\" width=\"622\" height=\"1024\" srcset=\"https:\/\/chor-skowronki.pl\/wp-content\/uploads\/2016\/10\/12.09-zamek-075-622x1024.jpg 622w, https:\/\/chor-skowronki.pl\/wp-content\/uploads\/2016\/10\/12.09-zamek-075-182x300.jpg 182w, https:\/\/chor-skowronki.pl\/wp-content\/uploads\/2016\/10\/12.09-zamek-075-512x843.jpg 512w, https:\/\/chor-skowronki.pl\/wp-content\/uploads\/2016\/10\/12.09-zamek-075-300x494.jpg 300w\" sizes=\"auto, (max-width: 622px) 100vw, 622px\" \/><\/h1>\n<h1><\/h1>\n<h1><a href=\"https:\/\/www.haltec.pl\/\">Firma Haltec &#8211; Hale sp. z o.o<\/a>.<\/h1>\n<h1><img loading=\"lazy\" decoding=\"async\" class=\"alignnone size-large wp-image-942\" src=\"http:\/\/projekty.mdasystems.pl\/skowronki\/wp-content\/uploads\/2016\/10\/koncert-galowy-23-683x1024.jpg\" alt=\"koncert-galowy-23\" width=\"683\" height=\"1024\" srcset=\"https:\/\/chor-skowronki.pl\/wp-content\/uploads\/2016\/10\/koncert-galowy-23-683x1024.jpg 683w, https:\/\/chor-skowronki.pl\/wp-content\/uploads\/2016\/10\/koncert-galowy-23-200x300.jpg 200w, https:\/\/chor-skowronki.pl\/wp-content\/uploads\/2016\/10\/koncert-galowy-23-562x843.jpg 562w, https:\/\/chor-skowronki.pl\/wp-content\/uploads\/2016\/10\/koncert-galowy-23-300x450.jpg 300w\" sizes=\"auto, (max-width: 683px) 100vw, 683px\" \/><\/h1>\n<h1><\/h1>\n<h1><a href=\"http:\/\/www.samsung.com\/pl\">SAMSUNG<\/a><\/h1>\n<h1><a href=\"http:\/\/www.samsung.com\/pl\"><img loading=\"lazy\" decoding=\"async\" class=\"alignnone size-large wp-image-943\" src=\"http:\/\/projekty.mdasystems.pl\/skowronki\/wp-content\/uploads\/2016\/10\/29.09.15-zamek-164-1024x683.jpg\" alt=\"29-09-15-zamek-164\" width=\"1024\" height=\"683\" srcset=\"https:\/\/chor-skowronki.pl\/wp-content\/uploads\/2016\/10\/29.09.15-zamek-164.jpg 1024w, https:\/\/chor-skowronki.pl\/wp-content\/uploads\/2016\/10\/29.09.15-zamek-164-300x200.jpg 300w\" sizes=\"auto, (max-width: 1024px) 100vw, 1024px\" \/><br \/>\n<\/a><\/h1>\n<h1><\/h1>\n<h1>Andre B\u0142aszczynski <a href=\"http:\/\/www.paf-ct.org\/www\/\">Polish American Foundation of Connecticut<\/a><\/h1>\n<h1><\/h1>\n<h1><a href=\"http:\/\/tfp.com.pl\/\">Firma TFP Tektury Faliste<\/a><\/h1>\n<h1><img loading=\"lazy\" decoding=\"async\" class=\"alignnone size-large wp-image-944\" src=\"http:\/\/projekty.mdasystems.pl\/skowronki\/wp-content\/uploads\/2016\/10\/14.01.2016-przeboje-082-1024x683.jpg\" alt=\"14-01-2016-przeboje-082\" width=\"1024\" height=\"683\" srcset=\"https:\/\/chor-skowronki.pl\/wp-content\/uploads\/2016\/10\/14.01.2016-przeboje-082.jpg 1024w, https:\/\/chor-skowronki.pl\/wp-content\/uploads\/2016\/10\/14.01.2016-przeboje-082-300x200.jpg 300w\" sizes=\"auto, (max-width: 1024px) 100vw, 1024px\" \/><\/h1>\n<h1><\/h1>\n<h1><a href=\"http:\/\/www.pkobp.pl\">PKO Bank Polski<\/a><\/h1>\n<p><img loading=\"lazy\" decoding=\"async\" class=\"alignnone size-large wp-image-945\" src=\"http:\/\/projekty.mdasystems.pl\/skowronki\/wp-content\/uploads\/2016\/10\/TrillMe-Fina\u0142-seifertfotografia-29-of-95-1024x684.jpg\" alt=\"trillme-final-seifertfotografia-29-of-95\" width=\"1024\" height=\"684\" srcset=\"https:\/\/chor-skowronki.pl\/wp-content\/uploads\/2016\/10\/TrillMe-Fina\u0142-seifertfotografia-29-of-95-1024x684.jpg 1024w, https:\/\/chor-skowronki.pl\/wp-content\/uploads\/2016\/10\/TrillMe-Fina\u0142-seifertfotografia-29-of-95-300x200.jpg 300w, https:\/\/chor-skowronki.pl\/wp-content\/uploads\/2016\/10\/TrillMe-Fina\u0142-seifertfotografia-29-of-95-1263x843.jpg 1263w\" sizes=\"auto, (max-width: 1024px) 100vw, 1024px\" \/><\/p>\n<p>&nbsp;<\/p>\n","protected":false},"excerpt":{"rendered":"<p>\u00a0 Statuetka &#8220;Przyjaciel Ch\u00f3ru&#8221; przyznawana jest osobom, firmom, kt\u00f3re wspieraj\u0105c dzia\u0142alno\u015b\u0107 ch\u00f3ru, przyczyni\u0142y si\u0119 do jego rozwoju. Dotychczas statuetka &#8220;Przyjaciela Ch\u00f3ru&#8221; zosta\u0142a przyznana nast\u0119puj\u0105cym podmiotom: Magda Leybaert-Maertens Rotary Club &#8211; Pozna\u0144, Puszczykowo Centrum Kultury ZAMEK w Poznaniu Firma Haltec &#8211; Hale sp. z o.o. SAMSUNG Andre B\u0142aszczynski Polish American Foundation of Connecticut Firma TFP Tektury [&hellip;]<\/p>\n","protected":false},"author":1,"featured_media":0,"parent":611,"menu_order":0,"comment_status":"closed","ping_status":"closed","template":"","meta":{"_acf_changed":false,"footnotes":""},"class_list":["post-1080","page","type-page","status-publish","hentry"],"acf":[],"yoast_head":"<!-- This site is optimized with the Yoast SEO plugin v27.3 - https:\/\/yoast.com\/product\/yoast-seo-wordpress\/ -->\n<title>EMINENT FRIENDS - Home<\/title>\n<meta name=\"robots\" content=\"index, follow, max-snippet:-1, max-image-preview:large, max-video-preview:-1\" \/>\n<link rel=\"canonical\" href=\"https:\/\/chor-skowronki.pl\/en\/friends\/statuetka-przyjaciel-choru\/\" \/>\n<meta property=\"og:locale\" content=\"en_US\" \/>\n<meta property=\"og:type\" content=\"article\" \/>\n<meta property=\"og:title\" content=\"EMINENT FRIENDS - Home\" \/>\n<meta property=\"og:description\" content=\"\u00a0 Statuetka &#8220;Przyjaciel Ch\u00f3ru&#8221; przyznawana jest osobom, firmom, kt\u00f3re wspieraj\u0105c dzia\u0142alno\u015b\u0107 ch\u00f3ru, przyczyni\u0142y si\u0119 do jego rozwoju. Dotychczas statuetka &#8220;Przyjaciela Ch\u00f3ru&#8221; zosta\u0142a przyznana nast\u0119puj\u0105cym podmiotom: Magda Leybaert-Maertens Rotary Club &#8211; Pozna\u0144, Puszczykowo Centrum Kultury ZAMEK w Poznaniu Firma Haltec &#8211; Hale sp. z o.o. SAMSUNG Andre B\u0142aszczynski Polish American Foundation of Connecticut Firma TFP Tektury [&hellip;]\" \/>\n<meta property=\"og:url\" content=\"https:\/\/chor-skowronki.pl\/en\/friends\/statuetka-przyjaciel-choru\/\" \/>\n<meta property=\"og:site_name\" content=\"Home\" \/>\n<meta property=\"article:publisher\" content=\"https:\/\/www.facebook.com\/chorskowronki\/\" \/>\n<meta property=\"article:modified_time\" content=\"2016-10-21T11:10:35+00:00\" \/>\n<meta property=\"og:image\" content=\"http:\/\/projekty.mdasystems.pl\/skowronki\/wp-content\/uploads\/2016\/05\/ptaszek-e1476195990136-1024x560.jpg\" \/>\n<meta name=\"twitter:card\" content=\"summary_large_image\" \/>\n<script type=\"application\/ld+json\" class=\"yoast-schema-graph\">{\"@context\":\"https:\\\/\\\/schema.org\",\"@graph\":[{\"@type\":\"WebPage\",\"@id\":\"https:\\\/\\\/chor-skowronki.pl\\\/en\\\/friends\\\/statuetka-przyjaciel-choru\\\/\",\"url\":\"https:\\\/\\\/chor-skowronki.pl\\\/en\\\/friends\\\/statuetka-przyjaciel-choru\\\/\",\"name\":\"EMINENT FRIENDS - Home\",\"isPartOf\":{\"@id\":\"https:\\\/\\\/chor-skowronki.pl\\\/en\\\/#website\"},\"primaryImageOfPage\":{\"@id\":\"https:\\\/\\\/chor-skowronki.pl\\\/en\\\/friends\\\/statuetka-przyjaciel-choru\\\/#primaryimage\"},\"image\":{\"@id\":\"https:\\\/\\\/chor-skowronki.pl\\\/en\\\/friends\\\/statuetka-przyjaciel-choru\\\/#primaryimage\"},\"thumbnailUrl\":\"http:\\\/\\\/projekty.mdasystems.pl\\\/skowronki\\\/wp-content\\\/uploads\\\/2016\\\/05\\\/ptaszek-e1476195990136-1024x560.jpg\",\"datePublished\":\"2016-10-14T22:05:28+00:00\",\"dateModified\":\"2016-10-21T11:10:35+00:00\",\"breadcrumb\":{\"@id\":\"https:\\\/\\\/chor-skowronki.pl\\\/en\\\/friends\\\/statuetka-przyjaciel-choru\\\/#breadcrumb\"},\"inLanguage\":\"en-US\",\"potentialAction\":[{\"@type\":\"ReadAction\",\"target\":[\"https:\\\/\\\/chor-skowronki.pl\\\/en\\\/friends\\\/statuetka-przyjaciel-choru\\\/\"]}]},{\"@type\":\"ImageObject\",\"inLanguage\":\"en-US\",\"@id\":\"https:\\\/\\\/chor-skowronki.pl\\\/en\\\/friends\\\/statuetka-przyjaciel-choru\\\/#primaryimage\",\"url\":\"http:\\\/\\\/projekty.mdasystems.pl\\\/skowronki\\\/wp-content\\\/uploads\\\/2016\\\/05\\\/ptaszek-e1476195990136-1024x560.jpg\",\"contentUrl\":\"http:\\\/\\\/projekty.mdasystems.pl\\\/skowronki\\\/wp-content\\\/uploads\\\/2016\\\/05\\\/ptaszek-e1476195990136-1024x560.jpg\"},{\"@type\":\"BreadcrumbList\",\"@id\":\"https:\\\/\\\/chor-skowronki.pl\\\/en\\\/friends\\\/statuetka-przyjaciel-choru\\\/#breadcrumb\",\"itemListElement\":[{\"@type\":\"ListItem\",\"position\":1,\"name\":\"Strona g\u0142\u00f3wna\",\"item\":\"https:\\\/\\\/chor-skowronki.pl\\\/en\\\/\"},{\"@type\":\"ListItem\",\"position\":2,\"name\":\"FRIENDS\",\"item\":\"https:\\\/\\\/chor-skowronki.pl\\\/en\\\/friends\\\/\"},{\"@type\":\"ListItem\",\"position\":3,\"name\":\"EMINENT FRIENDS\"}]},{\"@type\":\"WebSite\",\"@id\":\"https:\\\/\\\/chor-skowronki.pl\\\/en\\\/#website\",\"url\":\"https:\\\/\\\/chor-skowronki.pl\\\/en\\\/\",\"name\":\"Home\",\"description\":\"\",\"potentialAction\":[{\"@type\":\"SearchAction\",\"target\":{\"@type\":\"EntryPoint\",\"urlTemplate\":\"https:\\\/\\\/chor-skowronki.pl\\\/en\\\/?s={search_term_string}\"},\"query-input\":{\"@type\":\"PropertyValueSpecification\",\"valueRequired\":true,\"valueName\":\"search_term_string\"}}],\"inLanguage\":\"en-US\"}]}<\/script>\n<!-- \/ Yoast SEO plugin. -->","yoast_head_json":{"title":"EMINENT FRIENDS - Home","robots":{"index":"index","follow":"follow","max-snippet":"max-snippet:-1","max-image-preview":"max-image-preview:large","max-video-preview":"max-video-preview:-1"},"canonical":"https:\/\/chor-skowronki.pl\/en\/friends\/statuetka-przyjaciel-choru\/","og_locale":"en_US","og_type":"article","og_title":"EMINENT FRIENDS - Home","og_description":"\u00a0 Statuetka &#8220;Przyjaciel Ch\u00f3ru&#8221; przyznawana jest osobom, firmom, kt\u00f3re wspieraj\u0105c dzia\u0142alno\u015b\u0107 ch\u00f3ru, przyczyni\u0142y si\u0119 do jego rozwoju. Dotychczas statuetka &#8220;Przyjaciela Ch\u00f3ru&#8221; zosta\u0142a przyznana nast\u0119puj\u0105cym podmiotom: Magda Leybaert-Maertens Rotary Club &#8211; Pozna\u0144, Puszczykowo Centrum Kultury ZAMEK w Poznaniu Firma Haltec &#8211; Hale sp. z o.o. SAMSUNG Andre B\u0142aszczynski Polish American Foundation of Connecticut Firma TFP Tektury [&hellip;]","og_url":"https:\/\/chor-skowronki.pl\/en\/friends\/statuetka-przyjaciel-choru\/","og_site_name":"Home","article_publisher":"https:\/\/www.facebook.com\/chorskowronki\/","article_modified_time":"2016-10-21T11:10:35+00:00","og_image":[{"url":"http:\/\/projekty.mdasystems.pl\/skowronki\/wp-content\/uploads\/2016\/05\/ptaszek-e1476195990136-1024x560.jpg","type":"","width":"","height":""}],"twitter_card":"summary_large_image","schema":{"@context":"https:\/\/schema.org","@graph":[{"@type":"WebPage","@id":"https:\/\/chor-skowronki.pl\/en\/friends\/statuetka-przyjaciel-choru\/","url":"https:\/\/chor-skowronki.pl\/en\/friends\/statuetka-przyjaciel-choru\/","name":"EMINENT FRIENDS - Home","isPartOf":{"@id":"https:\/\/chor-skowronki.pl\/en\/#website"},"primaryImageOfPage":{"@id":"https:\/\/chor-skowronki.pl\/en\/friends\/statuetka-przyjaciel-choru\/#primaryimage"},"image":{"@id":"https:\/\/chor-skowronki.pl\/en\/friends\/statuetka-przyjaciel-choru\/#primaryimage"},"thumbnailUrl":"http:\/\/projekty.mdasystems.pl\/skowronki\/wp-content\/uploads\/2016\/05\/ptaszek-e1476195990136-1024x560.jpg","datePublished":"2016-10-14T22:05:28+00:00","dateModified":"2016-10-21T11:10:35+00:00","breadcrumb":{"@id":"https:\/\/chor-skowronki.pl\/en\/friends\/statuetka-przyjaciel-choru\/#breadcrumb"},"inLanguage":"en-US","potentialAction":[{"@type":"ReadAction","target":["https:\/\/chor-skowronki.pl\/en\/friends\/statuetka-przyjaciel-choru\/"]}]},{"@type":"ImageObject","inLanguage":"en-US","@id":"https:\/\/chor-skowronki.pl\/en\/friends\/statuetka-przyjaciel-choru\/#primaryimage","url":"http:\/\/projekty.mdasystems.pl\/skowronki\/wp-content\/uploads\/2016\/05\/ptaszek-e1476195990136-1024x560.jpg","contentUrl":"http:\/\/projekty.mdasystems.pl\/skowronki\/wp-content\/uploads\/2016\/05\/ptaszek-e1476195990136-1024x560.jpg"},{"@type":"BreadcrumbList","@id":"https:\/\/chor-skowronki.pl\/en\/friends\/statuetka-przyjaciel-choru\/#breadcrumb","itemListElement":[{"@type":"ListItem","position":1,"name":"Strona g\u0142\u00f3wna","item":"https:\/\/chor-skowronki.pl\/en\/"},{"@type":"ListItem","position":2,"name":"FRIENDS","item":"https:\/\/chor-skowronki.pl\/en\/friends\/"},{"@type":"ListItem","position":3,"name":"EMINENT FRIENDS"}]},{"@type":"WebSite","@id":"https:\/\/chor-skowronki.pl\/en\/#website","url":"https:\/\/chor-skowronki.pl\/en\/","name":"Home","description":"","potentialAction":[{"@type":"SearchAction","target":{"@type":"EntryPoint","urlTemplate":"https:\/\/chor-skowronki.pl\/en\/?s={search_term_string}"},"query-input":{"@type":"PropertyValueSpecification","valueRequired":true,"valueName":"search_term_string"}}],"inLanguage":"en-US"}]}},"_links":{"self":[{"href":"https:\/\/chor-skowronki.pl\/en\/wp-json\/wp\/v2\/pages\/1080","targetHints":{"allow":["GET"]}}],"collection":[{"href":"https:\/\/chor-skowronki.pl\/en\/wp-json\/wp\/v2\/pages"}],"about":[{"href":"https:\/\/chor-skowronki.pl\/en\/wp-json\/wp\/v2\/types\/page"}],"author":[{"embeddable":true,"href":"https:\/\/chor-skowronki.pl\/en\/wp-json\/wp\/v2\/users\/1"}],"replies":[{"embeddable":true,"href":"https:\/\/chor-skowronki.pl\/en\/wp-json\/wp\/v2\/comments?post=1080"}],"version-history":[{"count":5,"href":"https:\/\/chor-skowronki.pl\/en\/wp-json\/wp\/v2\/pages\/1080\/revisions"}],"predecessor-version":[{"id":1090,"href":"https:\/\/chor-skowronki.pl\/en\/wp-json\/wp\/v2\/pages\/1080\/revisions\/1090"}],"up":[{"embeddable":true,"href":"https:\/\/chor-skowronki.pl\/en\/wp-json\/wp\/v2\/pages\/611"}],"wp:attachment":[{"href":"https:\/\/chor-skowronki.pl\/en\/wp-json\/wp\/v2\/media?parent=1080"}],"curies":[{"name":"wp","href":"https:\/\/api.w.org\/{rel}","templated":true}]}}