{"id":1024,"date":"2016-10-14T22:23:19","date_gmt":"2016-10-14T20:23:19","guid":{"rendered":"http:\/\/projekty.mdasystems.pl\/skowronki\/en\/home-page\/dolacz-do-nas-2\/"},"modified":"2016-10-25T12:04:20","modified_gmt":"2016-10-25T10:04:20","slug":"dolacz-do-nas-2","status":"publish","type":"page","link":"https:\/\/chor-skowronki.pl\/en\/events\/home\/dolacz-do-nas-2\/","title":{"rendered":"JOIN US"},"content":{"rendered":"<p>Co roku, we wrze\u015bniu, jest og\u0142aszany nab\u00f3r do ch\u00f3ru, obejmuj\u0105cy \u015bpiewaj\u0105ce dziewcz\u0119ta w wieku od 7 do 12 -13 lat. W okre\u015blonych terminach organizowane s\u0105 przes\u0142uchania. Maj\u0105 one form\u0119 bezstresowego spotkania z Pani\u0105 Dyrygent, podczas kt\u00f3rego kandydatka do ch\u00f3ru \u015bpiewa dowoln\u0105 piosenk\u0119 oraz zostaje poddana kr\u00f3tkiemu egzaminowi sprawdzaj\u0105cemu muzykalno\u015b\u0107.<\/p>\n<p>Dziewcz\u0119ta, kt\u00f3re pragn\u0105 do\u0142\u0105czy\u0107 do ch\u00f3ru, mog\u0105 r\u00f3wnie\u017c zrobi\u0107 to w ci\u0105gu roku. Wystarczy, \u017ce poprosz\u0105 o to (mailowo lub telefonicznie) dyrygenta ch\u00f3ru Pani\u0105 Alicj\u0119 Szelug\u0119.<\/p>\n<p>tel. 605 941 381<br \/>\nalicja.szeluga@chor-skowronki.pl<\/p>\n<p>&nbsp;<\/p>\n<p>&nbsp;<\/p>\n","protected":false},"excerpt":{"rendered":"<p>Co roku, we wrze\u015bniu, jest og\u0142aszany nab\u00f3r do ch\u00f3ru, obejmuj\u0105cy \u015bpiewaj\u0105ce dziewcz\u0119ta w wieku od 7 do 12 -13 lat. W okre\u015blonych terminach organizowane s\u0105 przes\u0142uchania. Maj\u0105 one form\u0119 bezstresowego spotkania z Pani\u0105 Dyrygent, podczas kt\u00f3rego kandydatka do ch\u00f3ru \u015bpiewa dowoln\u0105 piosenk\u0119 oraz zostaje poddana kr\u00f3tkiemu egzaminowi sprawdzaj\u0105cemu muzykalno\u015b\u0107. Dziewcz\u0119ta, kt\u00f3re pragn\u0105 do\u0142\u0105czy\u0107 do ch\u00f3ru, [&hellip;]<\/p>\n","protected":false},"author":1,"featured_media":0,"parent":327,"menu_order":0,"comment_status":"closed","ping_status":"closed","template":"","meta":{"_acf_changed":false,"footnotes":""},"class_list":["post-1024","page","type-page","status-publish","hentry"],"acf":[],"yoast_head":"<!-- This site is optimized with the Yoast SEO plugin v27.2 - https:\/\/yoast.com\/product\/yoast-seo-wordpress\/ -->\n<title>JOIN US - Home<\/title>\n<meta name=\"robots\" content=\"index, follow, max-snippet:-1, max-image-preview:large, max-video-preview:-1\" \/>\n<link rel=\"canonical\" href=\"https:\/\/chor-skowronki.pl\/en\/events\/home\/dolacz-do-nas-2\/\" \/>\n<meta property=\"og:locale\" content=\"en_US\" \/>\n<meta property=\"og:type\" content=\"article\" \/>\n<meta property=\"og:title\" content=\"JOIN US - Home\" \/>\n<meta property=\"og:description\" content=\"Co roku, we wrze\u015bniu, jest og\u0142aszany nab\u00f3r do ch\u00f3ru, obejmuj\u0105cy \u015bpiewaj\u0105ce dziewcz\u0119ta w wieku od 7 do 12 -13 lat. W okre\u015blonych terminach organizowane s\u0105 przes\u0142uchania. Maj\u0105 one form\u0119 bezstresowego spotkania z Pani\u0105 Dyrygent, podczas kt\u00f3rego kandydatka do ch\u00f3ru \u015bpiewa dowoln\u0105 piosenk\u0119 oraz zostaje poddana kr\u00f3tkiemu egzaminowi sprawdzaj\u0105cemu muzykalno\u015b\u0107. Dziewcz\u0119ta, kt\u00f3re pragn\u0105 do\u0142\u0105czy\u0107 do ch\u00f3ru, [&hellip;]\" \/>\n<meta property=\"og:url\" content=\"https:\/\/chor-skowronki.pl\/en\/events\/home\/dolacz-do-nas-2\/\" \/>\n<meta property=\"og:site_name\" content=\"Home\" \/>\n<meta property=\"article:publisher\" content=\"https:\/\/www.facebook.com\/chorskowronki\/\" \/>\n<meta property=\"article:modified_time\" content=\"2016-10-25T10:04:20+00:00\" \/>\n<meta name=\"twitter:card\" content=\"summary_large_image\" \/>\n<meta name=\"twitter:label1\" content=\"Est. reading time\" \/>\n\t<meta name=\"twitter:data1\" content=\"1 minute\" \/>\n<script type=\"application\/ld+json\" class=\"yoast-schema-graph\">{\"@context\":\"https:\/\/schema.org\",\"@graph\":[{\"@type\":\"WebPage\",\"@id\":\"https:\/\/chor-skowronki.pl\/en\/events\/home\/dolacz-do-nas-2\/\",\"url\":\"https:\/\/chor-skowronki.pl\/en\/events\/home\/dolacz-do-nas-2\/\",\"name\":\"JOIN US - Home\",\"isPartOf\":{\"@id\":\"https:\/\/chor-skowronki.pl\/en\/#website\"},\"datePublished\":\"2016-10-14T20:23:19+00:00\",\"dateModified\":\"2016-10-25T10:04:20+00:00\",\"breadcrumb\":{\"@id\":\"https:\/\/chor-skowronki.pl\/en\/events\/home\/dolacz-do-nas-2\/#breadcrumb\"},\"inLanguage\":\"en-US\",\"potentialAction\":[{\"@type\":\"ReadAction\",\"target\":[\"https:\/\/chor-skowronki.pl\/en\/events\/home\/dolacz-do-nas-2\/\"]}]},{\"@type\":\"BreadcrumbList\",\"@id\":\"https:\/\/chor-skowronki.pl\/en\/events\/home\/dolacz-do-nas-2\/#breadcrumb\",\"itemListElement\":[{\"@type\":\"ListItem\",\"position\":1,\"name\":\"Strona g\u0142\u00f3wna\",\"item\":\"https:\/\/chor-skowronki.pl\/en\/\"},{\"@type\":\"ListItem\",\"position\":2,\"name\":\"EVENTS\",\"item\":\"https:\/\/chor-skowronki.pl\/en\/events\/\"},{\"@type\":\"ListItem\",\"position\":3,\"name\":\"Home\",\"item\":\"https:\/\/chor-skowronki.pl\/en\/\"},{\"@type\":\"ListItem\",\"position\":4,\"name\":\"JOIN US\"}]},{\"@type\":\"WebSite\",\"@id\":\"https:\/\/chor-skowronki.pl\/en\/#website\",\"url\":\"https:\/\/chor-skowronki.pl\/en\/\",\"name\":\"Home\",\"description\":\"\",\"potentialAction\":[{\"@type\":\"SearchAction\",\"target\":{\"@type\":\"EntryPoint\",\"urlTemplate\":\"https:\/\/chor-skowronki.pl\/en\/?s={search_term_string}\"},\"query-input\":{\"@type\":\"PropertyValueSpecification\",\"valueRequired\":true,\"valueName\":\"search_term_string\"}}],\"inLanguage\":\"en-US\"}]}<\/script>\n<!-- \/ Yoast SEO plugin. -->","yoast_head_json":{"title":"JOIN US - Home","robots":{"index":"index","follow":"follow","max-snippet":"max-snippet:-1","max-image-preview":"max-image-preview:large","max-video-preview":"max-video-preview:-1"},"canonical":"https:\/\/chor-skowronki.pl\/en\/events\/home\/dolacz-do-nas-2\/","og_locale":"en_US","og_type":"article","og_title":"JOIN US - Home","og_description":"Co roku, we wrze\u015bniu, jest og\u0142aszany nab\u00f3r do ch\u00f3ru, obejmuj\u0105cy \u015bpiewaj\u0105ce dziewcz\u0119ta w wieku od 7 do 12 -13 lat. W okre\u015blonych terminach organizowane s\u0105 przes\u0142uchania. Maj\u0105 one form\u0119 bezstresowego spotkania z Pani\u0105 Dyrygent, podczas kt\u00f3rego kandydatka do ch\u00f3ru \u015bpiewa dowoln\u0105 piosenk\u0119 oraz zostaje poddana kr\u00f3tkiemu egzaminowi sprawdzaj\u0105cemu muzykalno\u015b\u0107. Dziewcz\u0119ta, kt\u00f3re pragn\u0105 do\u0142\u0105czy\u0107 do ch\u00f3ru, [&hellip;]","og_url":"https:\/\/chor-skowronki.pl\/en\/events\/home\/dolacz-do-nas-2\/","og_site_name":"Home","article_publisher":"https:\/\/www.facebook.com\/chorskowronki\/","article_modified_time":"2016-10-25T10:04:20+00:00","twitter_card":"summary_large_image","twitter_misc":{"Est. reading time":"1 minute"},"schema":{"@context":"https:\/\/schema.org","@graph":[{"@type":"WebPage","@id":"https:\/\/chor-skowronki.pl\/en\/events\/home\/dolacz-do-nas-2\/","url":"https:\/\/chor-skowronki.pl\/en\/events\/home\/dolacz-do-nas-2\/","name":"JOIN US - Home","isPartOf":{"@id":"https:\/\/chor-skowronki.pl\/en\/#website"},"datePublished":"2016-10-14T20:23:19+00:00","dateModified":"2016-10-25T10:04:20+00:00","breadcrumb":{"@id":"https:\/\/chor-skowronki.pl\/en\/events\/home\/dolacz-do-nas-2\/#breadcrumb"},"inLanguage":"en-US","potentialAction":[{"@type":"ReadAction","target":["https:\/\/chor-skowronki.pl\/en\/events\/home\/dolacz-do-nas-2\/"]}]},{"@type":"BreadcrumbList","@id":"https:\/\/chor-skowronki.pl\/en\/events\/home\/dolacz-do-nas-2\/#breadcrumb","itemListElement":[{"@type":"ListItem","position":1,"name":"Strona g\u0142\u00f3wna","item":"https:\/\/chor-skowronki.pl\/en\/"},{"@type":"ListItem","position":2,"name":"EVENTS","item":"https:\/\/chor-skowronki.pl\/en\/events\/"},{"@type":"ListItem","position":3,"name":"Home","item":"https:\/\/chor-skowronki.pl\/en\/"},{"@type":"ListItem","position":4,"name":"JOIN US"}]},{"@type":"WebSite","@id":"https:\/\/chor-skowronki.pl\/en\/#website","url":"https:\/\/chor-skowronki.pl\/en\/","name":"Home","description":"","potentialAction":[{"@type":"SearchAction","target":{"@type":"EntryPoint","urlTemplate":"https:\/\/chor-skowronki.pl\/en\/?s={search_term_string}"},"query-input":{"@type":"PropertyValueSpecification","valueRequired":true,"valueName":"search_term_string"}}],"inLanguage":"en-US"}]}},"_links":{"self":[{"href":"https:\/\/chor-skowronki.pl\/en\/wp-json\/wp\/v2\/pages\/1024","targetHints":{"allow":["GET"]}}],"collection":[{"href":"https:\/\/chor-skowronki.pl\/en\/wp-json\/wp\/v2\/pages"}],"about":[{"href":"https:\/\/chor-skowronki.pl\/en\/wp-json\/wp\/v2\/types\/page"}],"author":[{"embeddable":true,"href":"https:\/\/chor-skowronki.pl\/en\/wp-json\/wp\/v2\/users\/1"}],"replies":[{"embeddable":true,"href":"https:\/\/chor-skowronki.pl\/en\/wp-json\/wp\/v2\/comments?post=1024"}],"version-history":[{"count":3,"href":"https:\/\/chor-skowronki.pl\/en\/wp-json\/wp\/v2\/pages\/1024\/revisions"}],"predecessor-version":[{"id":1210,"href":"https:\/\/chor-skowronki.pl\/en\/wp-json\/wp\/v2\/pages\/1024\/revisions\/1210"}],"up":[{"embeddable":true,"href":"https:\/\/chor-skowronki.pl\/en\/wp-json\/wp\/v2\/pages\/327"}],"wp:attachment":[{"href":"https:\/\/chor-skowronki.pl\/en\/wp-json\/wp\/v2\/media?parent=1024"}],"curies":[{"name":"wp","href":"https:\/\/api.w.org\/{rel}","templated":true}]}}