{"id":1014,"date":"2016-10-06T23:36:21","date_gmt":"2016-10-06T21:36:21","guid":{"rendered":"http:\/\/projekty.mdasystems.pl\/skowronki\/en\/chor\/male-skowronki\/"},"modified":"2016-11-04T18:41:14","modified_gmt":"2016-11-04T17:41:14","slug":"male-skowronki","status":"publish","type":"page","link":"https:\/\/chor-skowronki.pl\/en\/chor\/male-skowronki\/","title":{"rendered":"Ma\u0142e SKOWRONKI"},"content":{"rendered":"<p><strong> SING AND HAVE FUN<\/strong><br \/>\nThe choir is formed by girls aged 8 to 12 years, who like to sing and have fun with the music. The songs, which they learn, often inspire them to move, that&#8217;s why girls often dance to the music.<br \/>\nPerformances and making music together give the girls, like the audience, great joy.<\/p>\n<p><strong>OBJECTIVES OF WORK AND ACHIEVEMENTS<\/strong><br \/>\nAlready after one year of learning we can see great progress in the skills of young singers. Their voices are cleaner and more beautiful. Girls chant melodies in better way, they achieve better musical memory. They can also sing clear polyphonic canon in trios and quartets. On the stage they feel free, but at the same time very disciplined. Girls create a harmonious group and they like each other.<\/p>\n<p>When they reached the age of 11 years and achieve ability, set by the conductor, they advance to the next group &#8211; SKOWRONECZKI.<\/p>\n<p>Choir leads conductor\u00a0<strong>Julia \u0141ynsza<\/strong><\/p>\n<p><strong>Choir rehearsals are held twice a week:<\/strong><br \/>\n<strong> Monday 5.00 &#8211; 5.45 p.m.<\/strong><br \/>\n<strong> Wednesday 5.00 &#8211; 5.45 p.m.<\/strong><br \/>\nIn addition, the girls learn to sing with notes during solfeggio classes.<\/p>\n<p>&nbsp;<\/p>\n<p><strong><img loading=\"lazy\" decoding=\"async\" class=\"alignnone size-large wp-image-349\" src=\"http:\/\/projekty.mdasystems.pl\/skowronki\/wp-content\/uploads\/2016\/10\/IMG_5829-1024x683.jpg\" alt=\"img_5829\" width=\"1024\" height=\"683\" srcset=\"https:\/\/chor-skowronki.pl\/wp-content\/uploads\/2016\/10\/IMG_5829-1024x683.jpg 1024w, https:\/\/chor-skowronki.pl\/wp-content\/uploads\/2016\/10\/IMG_5829-300x200.jpg 300w, https:\/\/chor-skowronki.pl\/wp-content\/uploads\/2016\/10\/IMG_5829-1265x843.jpg 1265w\" sizes=\"auto, (max-width: 1024px) 100vw, 1024px\" \/><\/strong><\/p>\n<p>&nbsp;<\/p>\n<p>&nbsp;<\/p>\n<p><iframe loading=\"lazy\" title=\"Ma\u0142e SKOWRONKI Girls&#039; Choir \/ Czego\u015b mi si\u0119 chce  by Ma\u0142gorzata Nowak-Guzowska\" width=\"500\" height=\"281\" src=\"https:\/\/www.youtube.com\/embed\/9yaNja9duWw?feature=oembed\" frameborder=\"0\" allow=\"accelerometer; autoplay; clipboard-write; encrypted-media; gyroscope; picture-in-picture; web-share\" referrerpolicy=\"strict-origin-when-cross-origin\" allowfullscreen><\/iframe><\/p>\n<p>&nbsp;<\/p>\n","protected":false},"excerpt":{"rendered":"<p>SING AND HAVE FUN The choir is formed by girls aged 8 to 12 years, who like to sing and have fun with the music. The songs, which they learn, often inspire them to move, that&#8217;s why girls often dance to the music. Performances and making music together give the girls, like the audience, great [&hellip;]<\/p>\n","protected":false},"author":1,"featured_media":0,"parent":113,"menu_order":0,"comment_status":"closed","ping_status":"closed","template":"","meta":{"_acf_changed":false,"footnotes":""},"class_list":["post-1014","page","type-page","status-publish","hentry"],"acf":[],"yoast_head":"<!-- This site is optimized with the Yoast SEO plugin v27.4 - https:\/\/yoast.com\/product\/yoast-seo-wordpress\/ -->\n<title>Ma\u0142e SKOWRONKI - Home<\/title>\n<meta name=\"robots\" content=\"index, follow, max-snippet:-1, max-image-preview:large, max-video-preview:-1\" \/>\n<link rel=\"canonical\" href=\"https:\/\/chor-skowronki.pl\/en\/chor\/male-skowronki\/\" \/>\n<meta property=\"og:locale\" content=\"en_US\" \/>\n<meta property=\"og:type\" content=\"article\" \/>\n<meta property=\"og:title\" content=\"Ma\u0142e SKOWRONKI - Home\" \/>\n<meta property=\"og:description\" content=\"SING AND HAVE FUN The choir is formed by girls aged 8 to 12 years, who like to sing and have fun with the music. The songs, which they learn, often inspire them to move, that&#8217;s why girls often dance to the music. Performances and making music together give the girls, like the audience, great [&hellip;]\" \/>\n<meta property=\"og:url\" content=\"https:\/\/chor-skowronki.pl\/en\/chor\/male-skowronki\/\" \/>\n<meta property=\"og:site_name\" content=\"Home\" \/>\n<meta property=\"article:publisher\" content=\"https:\/\/www.facebook.com\/chorskowronki\/\" \/>\n<meta property=\"article:modified_time\" content=\"2016-11-04T17:41:14+00:00\" \/>\n<meta property=\"og:image\" content=\"http:\/\/projekty.mdasystems.pl\/skowronki\/wp-content\/uploads\/2016\/10\/IMG_5829-1024x683.jpg\" \/>\n<meta name=\"twitter:card\" content=\"summary_large_image\" \/>\n<meta name=\"twitter:label1\" content=\"Est. reading time\" \/>\n\t<meta name=\"twitter:data1\" content=\"1 minute\" \/>\n<script type=\"application\/ld+json\" class=\"yoast-schema-graph\">{\"@context\":\"https:\\\/\\\/schema.org\",\"@graph\":[{\"@type\":\"WebPage\",\"@id\":\"https:\\\/\\\/chor-skowronki.pl\\\/en\\\/chor\\\/male-skowronki\\\/\",\"url\":\"https:\\\/\\\/chor-skowronki.pl\\\/en\\\/chor\\\/male-skowronki\\\/\",\"name\":\"Ma\u0142e SKOWRONKI - Home\",\"isPartOf\":{\"@id\":\"https:\\\/\\\/chor-skowronki.pl\\\/en\\\/#website\"},\"primaryImageOfPage\":{\"@id\":\"https:\\\/\\\/chor-skowronki.pl\\\/en\\\/chor\\\/male-skowronki\\\/#primaryimage\"},\"image\":{\"@id\":\"https:\\\/\\\/chor-skowronki.pl\\\/en\\\/chor\\\/male-skowronki\\\/#primaryimage\"},\"thumbnailUrl\":\"http:\\\/\\\/projekty.mdasystems.pl\\\/skowronki\\\/wp-content\\\/uploads\\\/2016\\\/10\\\/IMG_5829-1024x683.jpg\",\"datePublished\":\"2016-10-06T21:36:21+00:00\",\"dateModified\":\"2016-11-04T17:41:14+00:00\",\"breadcrumb\":{\"@id\":\"https:\\\/\\\/chor-skowronki.pl\\\/en\\\/chor\\\/male-skowronki\\\/#breadcrumb\"},\"inLanguage\":\"en-US\",\"potentialAction\":[{\"@type\":\"ReadAction\",\"target\":[\"https:\\\/\\\/chor-skowronki.pl\\\/en\\\/chor\\\/male-skowronki\\\/\"]}]},{\"@type\":\"ImageObject\",\"inLanguage\":\"en-US\",\"@id\":\"https:\\\/\\\/chor-skowronki.pl\\\/en\\\/chor\\\/male-skowronki\\\/#primaryimage\",\"url\":\"http:\\\/\\\/projekty.mdasystems.pl\\\/skowronki\\\/wp-content\\\/uploads\\\/2016\\\/10\\\/IMG_5829-1024x683.jpg\",\"contentUrl\":\"http:\\\/\\\/projekty.mdasystems.pl\\\/skowronki\\\/wp-content\\\/uploads\\\/2016\\\/10\\\/IMG_5829-1024x683.jpg\"},{\"@type\":\"BreadcrumbList\",\"@id\":\"https:\\\/\\\/chor-skowronki.pl\\\/en\\\/chor\\\/male-skowronki\\\/#breadcrumb\",\"itemListElement\":[{\"@type\":\"ListItem\",\"position\":1,\"name\":\"Strona g\u0142\u00f3wna\",\"item\":\"https:\\\/\\\/chor-skowronki.pl\\\/en\\\/\"},{\"@type\":\"ListItem\",\"position\":2,\"name\":\"Choir\",\"item\":\"https:\\\/\\\/chor-skowronki.pl\\\/en\\\/chor\\\/\"},{\"@type\":\"ListItem\",\"position\":3,\"name\":\"Ma\u0142e SKOWRONKI\"}]},{\"@type\":\"WebSite\",\"@id\":\"https:\\\/\\\/chor-skowronki.pl\\\/en\\\/#website\",\"url\":\"https:\\\/\\\/chor-skowronki.pl\\\/en\\\/\",\"name\":\"Home\",\"description\":\"\",\"potentialAction\":[{\"@type\":\"SearchAction\",\"target\":{\"@type\":\"EntryPoint\",\"urlTemplate\":\"https:\\\/\\\/chor-skowronki.pl\\\/en\\\/?s={search_term_string}\"},\"query-input\":{\"@type\":\"PropertyValueSpecification\",\"valueRequired\":true,\"valueName\":\"search_term_string\"}}],\"inLanguage\":\"en-US\"}]}<\/script>\n<!-- \/ Yoast SEO plugin. -->","yoast_head_json":{"title":"Ma\u0142e SKOWRONKI - Home","robots":{"index":"index","follow":"follow","max-snippet":"max-snippet:-1","max-image-preview":"max-image-preview:large","max-video-preview":"max-video-preview:-1"},"canonical":"https:\/\/chor-skowronki.pl\/en\/chor\/male-skowronki\/","og_locale":"en_US","og_type":"article","og_title":"Ma\u0142e SKOWRONKI - Home","og_description":"SING AND HAVE FUN The choir is formed by girls aged 8 to 12 years, who like to sing and have fun with the music. The songs, which they learn, often inspire them to move, that&#8217;s why girls often dance to the music. Performances and making music together give the girls, like the audience, great [&hellip;]","og_url":"https:\/\/chor-skowronki.pl\/en\/chor\/male-skowronki\/","og_site_name":"Home","article_publisher":"https:\/\/www.facebook.com\/chorskowronki\/","article_modified_time":"2016-11-04T17:41:14+00:00","og_image":[{"url":"http:\/\/projekty.mdasystems.pl\/skowronki\/wp-content\/uploads\/2016\/10\/IMG_5829-1024x683.jpg","type":"","width":"","height":""}],"twitter_card":"summary_large_image","twitter_misc":{"Est. reading time":"1 minute"},"schema":{"@context":"https:\/\/schema.org","@graph":[{"@type":"WebPage","@id":"https:\/\/chor-skowronki.pl\/en\/chor\/male-skowronki\/","url":"https:\/\/chor-skowronki.pl\/en\/chor\/male-skowronki\/","name":"Ma\u0142e SKOWRONKI - Home","isPartOf":{"@id":"https:\/\/chor-skowronki.pl\/en\/#website"},"primaryImageOfPage":{"@id":"https:\/\/chor-skowronki.pl\/en\/chor\/male-skowronki\/#primaryimage"},"image":{"@id":"https:\/\/chor-skowronki.pl\/en\/chor\/male-skowronki\/#primaryimage"},"thumbnailUrl":"http:\/\/projekty.mdasystems.pl\/skowronki\/wp-content\/uploads\/2016\/10\/IMG_5829-1024x683.jpg","datePublished":"2016-10-06T21:36:21+00:00","dateModified":"2016-11-04T17:41:14+00:00","breadcrumb":{"@id":"https:\/\/chor-skowronki.pl\/en\/chor\/male-skowronki\/#breadcrumb"},"inLanguage":"en-US","potentialAction":[{"@type":"ReadAction","target":["https:\/\/chor-skowronki.pl\/en\/chor\/male-skowronki\/"]}]},{"@type":"ImageObject","inLanguage":"en-US","@id":"https:\/\/chor-skowronki.pl\/en\/chor\/male-skowronki\/#primaryimage","url":"http:\/\/projekty.mdasystems.pl\/skowronki\/wp-content\/uploads\/2016\/10\/IMG_5829-1024x683.jpg","contentUrl":"http:\/\/projekty.mdasystems.pl\/skowronki\/wp-content\/uploads\/2016\/10\/IMG_5829-1024x683.jpg"},{"@type":"BreadcrumbList","@id":"https:\/\/chor-skowronki.pl\/en\/chor\/male-skowronki\/#breadcrumb","itemListElement":[{"@type":"ListItem","position":1,"name":"Strona g\u0142\u00f3wna","item":"https:\/\/chor-skowronki.pl\/en\/"},{"@type":"ListItem","position":2,"name":"Choir","item":"https:\/\/chor-skowronki.pl\/en\/chor\/"},{"@type":"ListItem","position":3,"name":"Ma\u0142e SKOWRONKI"}]},{"@type":"WebSite","@id":"https:\/\/chor-skowronki.pl\/en\/#website","url":"https:\/\/chor-skowronki.pl\/en\/","name":"Home","description":"","potentialAction":[{"@type":"SearchAction","target":{"@type":"EntryPoint","urlTemplate":"https:\/\/chor-skowronki.pl\/en\/?s={search_term_string}"},"query-input":{"@type":"PropertyValueSpecification","valueRequired":true,"valueName":"search_term_string"}}],"inLanguage":"en-US"}]}},"_links":{"self":[{"href":"https:\/\/chor-skowronki.pl\/en\/wp-json\/wp\/v2\/pages\/1014","targetHints":{"allow":["GET"]}}],"collection":[{"href":"https:\/\/chor-skowronki.pl\/en\/wp-json\/wp\/v2\/pages"}],"about":[{"href":"https:\/\/chor-skowronki.pl\/en\/wp-json\/wp\/v2\/types\/page"}],"author":[{"embeddable":true,"href":"https:\/\/chor-skowronki.pl\/en\/wp-json\/wp\/v2\/users\/1"}],"replies":[{"embeddable":true,"href":"https:\/\/chor-skowronki.pl\/en\/wp-json\/wp\/v2\/comments?post=1014"}],"version-history":[{"count":7,"href":"https:\/\/chor-skowronki.pl\/en\/wp-json\/wp\/v2\/pages\/1014\/revisions"}],"predecessor-version":[{"id":1256,"href":"https:\/\/chor-skowronki.pl\/en\/wp-json\/wp\/v2\/pages\/1014\/revisions\/1256"}],"up":[{"embeddable":true,"href":"https:\/\/chor-skowronki.pl\/en\/wp-json\/wp\/v2\/pages\/113"}],"wp:attachment":[{"href":"https:\/\/chor-skowronki.pl\/en\/wp-json\/wp\/v2\/media?parent=1014"}],"curies":[{"name":"wp","href":"https:\/\/api.w.org\/{rel}","templated":true}]}}